{"id":6821,"date":"2023-10-13T09:36:59","date_gmt":"2023-10-13T15:36:59","guid":{"rendered":"https:\/\/rahrbsg.ca\/become-a-customer\/"},"modified":"2023-10-13T09:44:59","modified_gmt":"2023-10-13T15:44:59","slug":"become-a-customer","status":"publish","type":"page","link":"https:\/\/rahrbsg.ca\/fr\/become-a-customer\/","title":{"rendered":"Devenez Client"},"content":{"rendered":"<p><strong>Veuillez demander une demande de client RahrBSG par t\u00e9l\u00e9phone au\u00a0<a href=\"tel:800-234-8191\">800-234-8191<\/a> ou par courriel \u00e0 <a href=\"mailto:canada@rahrbsg.com\">canada@rahrbsg.com<\/a>.<\/strong><\/p>\n<div id=\"faq-2\" class=\"section-faqs__answer\"><\/div>\n<h3><strong>Conseils clients<\/strong><\/h3>\n<ul>\n<li>La ligne de service client de RahrBSG est disponible du lundi au jeudi de 8h00 \u00e0 19h00 HNE et de 8h00 \u00e0 17h00 HNE le vendredi.<\/li>\n<li>Veuillez donner \u00e0 notre \u00e9quipe suffisamment de temps pour traiter votre commande. Les commandes sont exp\u00e9di\u00e9es dans les 1 \u00e0 3 jours ouvrables suivant leur passation.<\/li>\n<li>Les livraisons ont lieu du lundi au vendredi. Si vous \u00eates ferm\u00e9 un de ces jours, merci de nous le faire savoir. RahrBSG ne sera pas responsable des frais de re-livraison.<\/li>\n<li>Faites-nous savoir si vous avez besoin d&rsquo;un hayon \u00e9l\u00e9vateur, d&rsquo;un transpalette, d&rsquo;un avis de livraison, etc. Certains de ces articles entra\u00eeneront des frais suppl\u00e9mentaires.<\/li>\n<li>Les chauffeurs-livreurs sont responsables de d\u00e9poser vos produits \u00e0 votre porte ou \u00e0 quai. Si le chauffeur apporte vos articles \u00e0 l&rsquo;int\u00e9rieur de votre \u00e9tablissement pour vous, des frais de livraison internes suppl\u00e9mentaires seront \u00e9valu\u00e9s et factur\u00e9s sur votre compte RahrBSG.<\/li>\n<li>Il y a des frais minimes par palette en bois exp\u00e9di\u00e9e. Nous n&rsquo;acceptons pas les palettes retourn\u00e9es pour un remboursement.<\/li>\n<li>Les prix sont sujets \u00e0 changement sans pr\u00e9avis.<\/li>\n<li>Soyez respectueux de l\u2019environnement et optez pour la facturation \u00e9lectronique !<\/li>\n<li>Les entrep\u00f4ts RahrBSG sont ferm\u00e9s les jours f\u00e9ri\u00e9s suivants :<br \/>\nLe jour de l&rsquo;An<br \/>\nJourn\u00e9e familiale<br \/>\nBon vendredi<br \/>\nF\u00eate de la Reine\/Journ\u00e9e nationale des Patriotes<br \/>\nF\u00eate de Jean Baptiste<br \/>\njour du Canada<br \/>\nJourn\u00e9e civique\/B.C. Jour<br \/>\nF\u00eate du Travail<br \/>\nJourn\u00e9e nationale pour la v\u00e9rit\u00e9 et la r\u00e9conciliation<br \/>\nJour de Thanksgiving<br \/>\nJour du Souvenir<br \/>\nle jour de No\u00ebl<br \/>\nLe lendemain de No\u00ebl<\/li>\n<\/ul>\n","protected":false},"excerpt":{"rendered":"<p>Veuillez demander une demande de client RahrBSG par t\u00e9l\u00e9phone au\u00a0800-234-8191 ou par courriel \u00e0 canada@rahrbsg.com. Conseils clients La ligne de service client de RahrBSG est disponible du lundi au jeudi de 8h00 \u00e0 19h00 HNE et de 8h00 \u00e0 17h00 HNE le vendredi. Veuillez donner \u00e0 notre \u00e9quipe suffisamment de temps pour traiter votre commande. [&hellip;]<\/p>\n","protected":false},"author":9,"featured_media":0,"parent":0,"menu_order":0,"comment_status":"closed","ping_status":"closed","template":"","meta":{"_acf_changed":false,"inline_featured_image":false,"footnotes":""},"class_list":["post-6821","page","type-page","status-publish","hentry"],"acf":[],"yoast_head":"<!-- This site is optimized with the Yoast SEO plugin v27.2 - https:\/\/yoast.com\/product\/yoast-seo-wordpress\/ -->\n<title>Devenez Client | RahrBSG Canada<\/title>\n<meta name=\"robots\" content=\"index, follow, max-snippet:-1, max-image-preview:large, max-video-preview:-1\" \/>\n<link rel=\"canonical\" href=\"https:\/\/rahrbsg.ca\/fr\/become-a-customer\/\" \/>\n<meta property=\"og:locale\" content=\"fr_CA\" \/>\n<meta property=\"og:type\" content=\"article\" \/>\n<meta property=\"og:title\" content=\"Devenez Client | RahrBSG Canada\" \/>\n<meta property=\"og:description\" content=\"Veuillez demander une demande de client RahrBSG par t\u00e9l\u00e9phone au\u00a0800-234-8191 ou par courriel \u00e0 canada@rahrbsg.com. Conseils clients La ligne de service client de RahrBSG est disponible du lundi au jeudi de 8h00 \u00e0 19h00 HNE et de 8h00 \u00e0 17h00 HNE le vendredi. Veuillez donner \u00e0 notre \u00e9quipe suffisamment de temps pour traiter votre commande. [&hellip;]\" \/>\n<meta property=\"og:url\" content=\"https:\/\/rahrbsg.ca\/fr\/become-a-customer\/\" \/>\n<meta property=\"og:site_name\" content=\"RahrBSG Canada\" \/>\n<meta property=\"article:modified_time\" content=\"2023-10-13T15:44:59+00:00\" \/>\n<meta property=\"og:image\" content=\"https:\/\/rahrbsg.ca\/wp-content\/uploads\/2025\/02\/RahrBSG-social-image-1.jpg\" \/>\n\t<meta property=\"og:image:width\" content=\"1800\" \/>\n\t<meta property=\"og:image:height\" content=\"945\" \/>\n\t<meta property=\"og:image:type\" content=\"image\/jpeg\" \/>\n<meta name=\"twitter:card\" content=\"summary_large_image\" \/>\n<meta name=\"twitter:label1\" content=\"Estimation du temps de lecture\" \/>\n\t<meta name=\"twitter:data1\" content=\"2 minutes\" \/>\n<script type=\"application\/ld+json\" class=\"yoast-schema-graph\">{\"@context\":\"https:\/\/schema.org\",\"@graph\":[{\"@type\":\"WebPage\",\"@id\":\"https:\/\/rahrbsg.ca\/fr\/become-a-customer\/\",\"url\":\"https:\/\/rahrbsg.ca\/fr\/become-a-customer\/\",\"name\":\"Devenez Client | RahrBSG Canada\",\"isPartOf\":{\"@id\":\"https:\/\/rahrbsg.ca\/#website\"},\"datePublished\":\"2023-10-13T15:36:59+00:00\",\"dateModified\":\"2023-10-13T15:44:59+00:00\",\"breadcrumb\":{\"@id\":\"https:\/\/rahrbsg.ca\/fr\/become-a-customer\/#breadcrumb\"},\"inLanguage\":\"fr-CA\",\"potentialAction\":[{\"@type\":\"ReadAction\",\"target\":[\"https:\/\/rahrbsg.ca\/fr\/become-a-customer\/\"]}]},{\"@type\":\"BreadcrumbList\",\"@id\":\"https:\/\/rahrbsg.ca\/fr\/become-a-customer\/#breadcrumb\",\"itemListElement\":[{\"@type\":\"ListItem\",\"position\":1,\"name\":\"Home\",\"item\":\"https:\/\/rahrbsg.ca\/fr\/\"},{\"@type\":\"ListItem\",\"position\":2,\"name\":\"Devenez Client\"}]},{\"@type\":\"WebSite\",\"@id\":\"https:\/\/rahrbsg.ca\/#website\",\"url\":\"https:\/\/rahrbsg.ca\/\",\"name\":\"RahrBSG Canada\",\"description\":\"Canadian Bulk Brewing &amp; Beer Supply Company\",\"potentialAction\":[{\"@type\":\"SearchAction\",\"target\":{\"@type\":\"EntryPoint\",\"urlTemplate\":\"https:\/\/rahrbsg.ca\/?s={search_term_string}\"},\"query-input\":{\"@type\":\"PropertyValueSpecification\",\"valueRequired\":true,\"valueName\":\"search_term_string\"}}],\"inLanguage\":\"fr-CA\"}]}<\/script>\n<!-- \/ Yoast SEO plugin. -->","yoast_head_json":{"title":"Devenez Client | RahrBSG Canada","robots":{"index":"index","follow":"follow","max-snippet":"max-snippet:-1","max-image-preview":"max-image-preview:large","max-video-preview":"max-video-preview:-1"},"canonical":"https:\/\/rahrbsg.ca\/fr\/become-a-customer\/","og_locale":"fr_CA","og_type":"article","og_title":"Devenez Client | RahrBSG Canada","og_description":"Veuillez demander une demande de client RahrBSG par t\u00e9l\u00e9phone au\u00a0800-234-8191 ou par courriel \u00e0 canada@rahrbsg.com. Conseils clients La ligne de service client de RahrBSG est disponible du lundi au jeudi de 8h00 \u00e0 19h00 HNE et de 8h00 \u00e0 17h00 HNE le vendredi. Veuillez donner \u00e0 notre \u00e9quipe suffisamment de temps pour traiter votre commande. [&hellip;]","og_url":"https:\/\/rahrbsg.ca\/fr\/become-a-customer\/","og_site_name":"RahrBSG Canada","article_modified_time":"2023-10-13T15:44:59+00:00","og_image":[{"width":1800,"height":945,"url":"https:\/\/rahrbsg.ca\/wp-content\/uploads\/2025\/02\/RahrBSG-social-image-1.jpg","type":"image\/jpeg"}],"twitter_card":"summary_large_image","twitter_misc":{"Estimation du temps de lecture":"2 minutes"},"schema":{"@context":"https:\/\/schema.org","@graph":[{"@type":"WebPage","@id":"https:\/\/rahrbsg.ca\/fr\/become-a-customer\/","url":"https:\/\/rahrbsg.ca\/fr\/become-a-customer\/","name":"Devenez Client | RahrBSG Canada","isPartOf":{"@id":"https:\/\/rahrbsg.ca\/#website"},"datePublished":"2023-10-13T15:36:59+00:00","dateModified":"2023-10-13T15:44:59+00:00","breadcrumb":{"@id":"https:\/\/rahrbsg.ca\/fr\/become-a-customer\/#breadcrumb"},"inLanguage":"fr-CA","potentialAction":[{"@type":"ReadAction","target":["https:\/\/rahrbsg.ca\/fr\/become-a-customer\/"]}]},{"@type":"BreadcrumbList","@id":"https:\/\/rahrbsg.ca\/fr\/become-a-customer\/#breadcrumb","itemListElement":[{"@type":"ListItem","position":1,"name":"Home","item":"https:\/\/rahrbsg.ca\/fr\/"},{"@type":"ListItem","position":2,"name":"Devenez Client"}]},{"@type":"WebSite","@id":"https:\/\/rahrbsg.ca\/#website","url":"https:\/\/rahrbsg.ca\/","name":"RahrBSG Canada","description":"Canadian Bulk Brewing &amp; Beer Supply Company","potentialAction":[{"@type":"SearchAction","target":{"@type":"EntryPoint","urlTemplate":"https:\/\/rahrbsg.ca\/?s={search_term_string}"},"query-input":{"@type":"PropertyValueSpecification","valueRequired":true,"valueName":"search_term_string"}}],"inLanguage":"fr-CA"}]}},"_links":{"self":[{"href":"https:\/\/rahrbsg.ca\/fr\/wp-json\/wp\/v2\/pages\/6821","targetHints":{"allow":["GET"]}}],"collection":[{"href":"https:\/\/rahrbsg.ca\/fr\/wp-json\/wp\/v2\/pages"}],"about":[{"href":"https:\/\/rahrbsg.ca\/fr\/wp-json\/wp\/v2\/types\/page"}],"author":[{"embeddable":true,"href":"https:\/\/rahrbsg.ca\/fr\/wp-json\/wp\/v2\/users\/9"}],"replies":[{"embeddable":true,"href":"https:\/\/rahrbsg.ca\/fr\/wp-json\/wp\/v2\/comments?post=6821"}],"version-history":[{"count":0,"href":"https:\/\/rahrbsg.ca\/fr\/wp-json\/wp\/v2\/pages\/6821\/revisions"}],"wp:attachment":[{"href":"https:\/\/rahrbsg.ca\/fr\/wp-json\/wp\/v2\/media?parent=6821"}],"curies":[{"name":"wp","href":"https:\/\/api.w.org\/{rel}","templated":true}]}}