{"id":5608,"date":"2022-01-19T15:04:31","date_gmt":"2022-01-19T15:04:31","guid":{"rendered":"https:\/\/bsgcanada.wpengine.com\/spot-hops-list\/"},"modified":"2024-12-11T16:45:35","modified_gmt":"2024-12-11T22:45:35","slug":"liste-de-houblons-spot","status":"publish","type":"page","link":"https:\/\/rahrbsg.ca\/fr\/liste-de-houblons-spot\/","title":{"rendered":"Liste de houblons spot"},"content":{"rendered":"<h2>Liste de houblons spot de RahrBSG Canada<\/h2>\n<p><strong>Remarque : Les prix sont en dollars canadiens\/lb plus le fret \u00e0 partir de notre entrep\u00f4t de Guelph (ON).<\/strong><\/p>\n<p>Le houblon peut \u00eatre exp\u00e9di\u00e9 seul ou ajout\u00e9 \u00e0 une commande existante dans le but d&rsquo;\u00e9conomiser sur le fret.<\/p>\n<p>Vous ne trouvez toujours pas ce qui vous int\u00e9resse? <a href=\"https:\/\/rahrbsg.ca\/fr\/contactez-nous\/\">Contactez notre directeur technique <\/a> pour discuter de l&rsquo;approvisionnement pour les vari\u00e9t\u00e9s dont vous avez besoin.<\/p>\n<p><p class=\"ratio ratio-16x9\"><iframe loading=\"lazy\" src=\"https:\/\/rahrbsg.ca\/wp-content\/uploads\/2024\/12\/RahrBSG-Canada-Spot-Hop-List.pdf\"\n   width=\"800\" height=\"1200\"><\/iframe><\/p><\/p>\n","protected":false},"excerpt":{"rendered":"<p>Liste de houblons spot de RahrBSG Canada Remarque : Les prix sont en dollars canadiens\/lb plus le fret \u00e0 partir de notre entrep\u00f4t de Guelph (ON). Le houblon peut \u00eatre exp\u00e9di\u00e9 seul ou ajout\u00e9 \u00e0 une commande existante dans le but d&rsquo;\u00e9conomiser sur le fret. Vous ne trouvez toujours pas ce qui vous int\u00e9resse? Contactez [&hellip;]<\/p>\n","protected":false},"author":4,"featured_media":0,"parent":0,"menu_order":0,"comment_status":"closed","ping_status":"closed","template":"","meta":{"_acf_changed":false,"inline_featured_image":false,"footnotes":""},"class_list":["post-5608","page","type-page","status-publish","hentry"],"acf":[],"yoast_head":"<!-- This site is optimized with the Yoast SEO plugin v27.2 - https:\/\/yoast.com\/product\/yoast-seo-wordpress\/ -->\n<title>Liste de houblons spot | RahrBSG Canada<\/title>\n<meta name=\"robots\" content=\"index, follow, max-snippet:-1, max-image-preview:large, max-video-preview:-1\" \/>\n<link rel=\"canonical\" href=\"https:\/\/rahrbsg.ca\/spot-hops-list\/\" \/>\n<meta property=\"og:locale\" content=\"fr_CA\" \/>\n<meta property=\"og:type\" content=\"article\" \/>\n<meta property=\"og:title\" content=\"Liste de houblons spot | RahrBSG Canada\" \/>\n<meta property=\"og:description\" content=\"Liste de houblons spot de RahrBSG Canada Remarque : Les prix sont en dollars canadiens\/lb plus le fret \u00e0 partir de notre entrep\u00f4t de Guelph (ON). Le houblon peut \u00eatre exp\u00e9di\u00e9 seul ou ajout\u00e9 \u00e0 une commande existante dans le but d&rsquo;\u00e9conomiser sur le fret. Vous ne trouvez toujours pas ce qui vous int\u00e9resse? Contactez [&hellip;]\" \/>\n<meta property=\"og:url\" content=\"https:\/\/rahrbsg.ca\/spot-hops-list\/\" \/>\n<meta property=\"og:site_name\" content=\"RahrBSG Canada\" \/>\n<meta property=\"article:modified_time\" content=\"2024-12-11T22:45:35+00:00\" \/>\n<meta property=\"og:image\" content=\"https:\/\/rahrbsg.ca\/wp-content\/uploads\/2025\/02\/RahrBSG-social-image-1.jpg\" \/>\n\t<meta property=\"og:image:width\" content=\"1800\" \/>\n\t<meta property=\"og:image:height\" content=\"945\" \/>\n\t<meta property=\"og:image:type\" content=\"image\/jpeg\" \/>\n<meta name=\"twitter:card\" content=\"summary_large_image\" \/>\n<meta name=\"twitter:label1\" content=\"Estimation du temps de lecture\" \/>\n\t<meta name=\"twitter:data1\" content=\"1 minute\" \/>\n<script type=\"application\/ld+json\" class=\"yoast-schema-graph\">{\"@context\":\"https:\/\/schema.org\",\"@graph\":[{\"@type\":\"WebPage\",\"@id\":\"https:\/\/rahrbsg.ca\/spot-hops-list\/\",\"url\":\"https:\/\/rahrbsg.ca\/spot-hops-list\/\",\"name\":\"Liste de houblons spot | RahrBSG Canada\",\"isPartOf\":{\"@id\":\"https:\/\/rahrbsg.ca\/#website\"},\"datePublished\":\"2022-01-19T15:04:31+00:00\",\"dateModified\":\"2024-12-11T22:45:35+00:00\",\"breadcrumb\":{\"@id\":\"https:\/\/rahrbsg.ca\/spot-hops-list\/#breadcrumb\"},\"inLanguage\":\"fr-CA\",\"potentialAction\":[{\"@type\":\"ReadAction\",\"target\":[\"https:\/\/rahrbsg.ca\/spot-hops-list\/\"]}]},{\"@type\":\"BreadcrumbList\",\"@id\":\"https:\/\/rahrbsg.ca\/spot-hops-list\/#breadcrumb\",\"itemListElement\":[{\"@type\":\"ListItem\",\"position\":1,\"name\":\"Home\",\"item\":\"https:\/\/rahrbsg.ca\/fr\/\"},{\"@type\":\"ListItem\",\"position\":2,\"name\":\"Liste de houblons spot\"}]},{\"@type\":\"WebSite\",\"@id\":\"https:\/\/rahrbsg.ca\/#website\",\"url\":\"https:\/\/rahrbsg.ca\/\",\"name\":\"RahrBSG Canada\",\"description\":\"Canadian Bulk Brewing &amp; Beer Supply Company\",\"potentialAction\":[{\"@type\":\"SearchAction\",\"target\":{\"@type\":\"EntryPoint\",\"urlTemplate\":\"https:\/\/rahrbsg.ca\/?s={search_term_string}\"},\"query-input\":{\"@type\":\"PropertyValueSpecification\",\"valueRequired\":true,\"valueName\":\"search_term_string\"}}],\"inLanguage\":\"fr-CA\"}]}<\/script>\n<!-- \/ Yoast SEO plugin. -->","yoast_head_json":{"title":"Liste de houblons spot | RahrBSG Canada","robots":{"index":"index","follow":"follow","max-snippet":"max-snippet:-1","max-image-preview":"max-image-preview:large","max-video-preview":"max-video-preview:-1"},"canonical":"https:\/\/rahrbsg.ca\/spot-hops-list\/","og_locale":"fr_CA","og_type":"article","og_title":"Liste de houblons spot | RahrBSG Canada","og_description":"Liste de houblons spot de RahrBSG Canada Remarque : Les prix sont en dollars canadiens\/lb plus le fret \u00e0 partir de notre entrep\u00f4t de Guelph (ON). Le houblon peut \u00eatre exp\u00e9di\u00e9 seul ou ajout\u00e9 \u00e0 une commande existante dans le but d&rsquo;\u00e9conomiser sur le fret. Vous ne trouvez toujours pas ce qui vous int\u00e9resse? Contactez [&hellip;]","og_url":"https:\/\/rahrbsg.ca\/spot-hops-list\/","og_site_name":"RahrBSG Canada","article_modified_time":"2024-12-11T22:45:35+00:00","og_image":[{"width":1800,"height":945,"url":"https:\/\/rahrbsg.ca\/wp-content\/uploads\/2025\/02\/RahrBSG-social-image-1.jpg","type":"image\/jpeg"}],"twitter_card":"summary_large_image","twitter_misc":{"Estimation du temps de lecture":"1 minute"},"schema":{"@context":"https:\/\/schema.org","@graph":[{"@type":"WebPage","@id":"https:\/\/rahrbsg.ca\/spot-hops-list\/","url":"https:\/\/rahrbsg.ca\/spot-hops-list\/","name":"Liste de houblons spot | RahrBSG Canada","isPartOf":{"@id":"https:\/\/rahrbsg.ca\/#website"},"datePublished":"2022-01-19T15:04:31+00:00","dateModified":"2024-12-11T22:45:35+00:00","breadcrumb":{"@id":"https:\/\/rahrbsg.ca\/spot-hops-list\/#breadcrumb"},"inLanguage":"fr-CA","potentialAction":[{"@type":"ReadAction","target":["https:\/\/rahrbsg.ca\/spot-hops-list\/"]}]},{"@type":"BreadcrumbList","@id":"https:\/\/rahrbsg.ca\/spot-hops-list\/#breadcrumb","itemListElement":[{"@type":"ListItem","position":1,"name":"Home","item":"https:\/\/rahrbsg.ca\/fr\/"},{"@type":"ListItem","position":2,"name":"Liste de houblons spot"}]},{"@type":"WebSite","@id":"https:\/\/rahrbsg.ca\/#website","url":"https:\/\/rahrbsg.ca\/","name":"RahrBSG Canada","description":"Canadian Bulk Brewing &amp; Beer Supply Company","potentialAction":[{"@type":"SearchAction","target":{"@type":"EntryPoint","urlTemplate":"https:\/\/rahrbsg.ca\/?s={search_term_string}"},"query-input":{"@type":"PropertyValueSpecification","valueRequired":true,"valueName":"search_term_string"}}],"inLanguage":"fr-CA"}]}},"_links":{"self":[{"href":"https:\/\/rahrbsg.ca\/fr\/wp-json\/wp\/v2\/pages\/5608","targetHints":{"allow":["GET"]}}],"collection":[{"href":"https:\/\/rahrbsg.ca\/fr\/wp-json\/wp\/v2\/pages"}],"about":[{"href":"https:\/\/rahrbsg.ca\/fr\/wp-json\/wp\/v2\/types\/page"}],"author":[{"embeddable":true,"href":"https:\/\/rahrbsg.ca\/fr\/wp-json\/wp\/v2\/users\/4"}],"replies":[{"embeddable":true,"href":"https:\/\/rahrbsg.ca\/fr\/wp-json\/wp\/v2\/comments?post=5608"}],"version-history":[{"count":0,"href":"https:\/\/rahrbsg.ca\/fr\/wp-json\/wp\/v2\/pages\/5608\/revisions"}],"wp:attachment":[{"href":"https:\/\/rahrbsg.ca\/fr\/wp-json\/wp\/v2\/media?parent=5608"}],"curies":[{"name":"wp","href":"https:\/\/api.w.org\/{rel}","templated":true}]}}