{"id":5597,"date":"2022-01-18T14:46:14","date_gmt":"2022-01-18T14:46:14","guid":{"rendered":"https:\/\/bsgcanada.wpengine.com\/logistics-update\/"},"modified":"2023-01-10T10:47:30","modified_gmt":"2023-01-10T16:47:30","slug":"mises-a-jour-logistiques","status":"publish","type":"page","link":"https:\/\/rahrbsg.ca\/fr\/mises-a-jour-logistiques\/","title":{"rendered":"Mise \u00e0 jour du march\u00e9"},"content":{"rendered":"<p><strong>Rapport de l\u2019USDA sur les r\u00e9coltes de houblon en 2022<\/strong><\/p>\n<p><strong>Le rapport r\u00e9cemment publi\u00e9 par l\u2019UDSA sur les r\u00e9coltes de houblon en 2022 fait \u00e9tat d\u2019une production totale de 101 millions de livres dans les \u00e9tats de Washington, Idaho et Oregon. Cela repr\u00e9sente une baisse de 12 pour cent sur l\u2019ann\u00e9e pr\u00e9c\u00e9dente. Pour plus de d\u00e9tails sur les superficies, le rendement et les prix par livre par \u00e9tat, <\/strong><a href=\"https:\/\/downloads.usda.library.cornell.edu\/usda-esmis\/files\/s7526c41m\/5t34tw227\/nc581z18f\/hopsan22.pdf\" target=\"_blank\" rel=\"noopener\">lisez le rapport ici<\/a><strong>.<\/strong><\/p>\n<p><strong>\u00c9tat du march\u00e9 en janvier<\/strong><\/p>\n<p>De l\u2019augmentation du prix du carburant aux gr\u00e8ves touchant la cha\u00eene d\u2019approvisionnement mondiale, sans oublier les temps d\u2019attente record enregistr\u00e9s dans les ports et les capacit\u00e9s de charges r\u00e9duites, 2022 nous aura fourni des d\u00e9fis de taille. Malgr\u00e9 tout, RahrBSG est reconnaissante et fi\u00e8re de ses succ\u00e8s.<\/p>\n<p>Gr\u00e2ce \u00e0 un travail de collaboration avec nos clients et une volont\u00e9 de bien les servir, nous avons r\u00e9ussi \u00e0 nous adapter et \u00e0 trouver de nouvelles fa\u00e7ons d\u2019att\u00e9nuer beaucoup de perturbations qui ont afflig\u00e9 la cha\u00eene d\u2019approvisionnement mondiale.<\/p>\n<p>En poursuivant la recherche de nouvelles solutions de logistique et de nouveaux partenaires, nous sommes confiants que notre entreprise arrivera \u00e0 g\u00e9rer ces questions en 2023 et au-del\u00e0.<\/p>\n<p><strong>Mise \u00e0 jour logistique<\/strong><strong> 2023<\/strong><\/p>\n<ul>\n<li>Le prix du carburant diesel a baiss\u00e9 pendant plusieurs semaines de suite. Nous commen\u00e7ons \u00e0 d\u00e9cerner une tendance \u00e0 la baisse. Des pr\u00e9visions laissent croire \u00e0 un d\u00e9clin des prix moyens vers les normes du march\u00e9, vers le milieu de 2023.<\/li>\n<li>Les volumes de charges compl\u00e8tes continuent de diminuer en raison de capacit\u00e9 accrue et du ralentissement observ\u00e9 dans plusieurs industries (principalement les fruits et l\u00e9gumes, et la vente au d\u00e9tail). Cela ouvre des possibilit\u00e9s de consolidation et de conversion. RahrBSG continue de faire passer des volumes de charges partielles aux volumes de charges compl\u00e8tes ou \u00e0 ses programmes de livraison locales, dans la mesure du possible.<\/li>\n<li>De nouvelles technologies de logistique continuent d\u2019\u00e9merger et elles aident non seulement RahrBSG \u00e0 g\u00e9rer ses cha\u00eenes d\u2019approvisionnement de mani\u00e8re plus efficiente, mais elle donne \u00e0 ses clients plus de visibilit\u00e9, de fiabilit\u00e9 et des communications promptes. RahrBSG compte mettre ces solutions \u00e0 la disposition de ses clients t\u00f4t en 2023.<\/li>\n<li>Pour la premi\u00e8re fois depuis plusieurs mois, nous remarquons des signes que les volumes de charges partielles sont arriv\u00e9s \u00e0 un point culminant et commencent m\u00eame \u00e0 d\u00e9cro\u00eetre. Ce mode de transport local a \u00e9t\u00e9 le plus durement touch\u00e9 et nous pr\u00e9voyons une certaine ouverture au niveau des capacit\u00e9s durant l&rsquo;hiver, menant \u00e0 un plus fort pourcentage de livraison \u00e0 temps.<\/li>\n<li>L\u2019\u00e9quipe de logistique chevronn\u00e9e de RahrBSG continue d\u2019anticiper et de minimiser toute possibilit\u00e9 de perturbation dans la cha\u00eene d\u2019approvisionnement pour ses clients. Nous recherchons activement de nouvelles technologies et de nouveaux partenaires de transport pour accro\u00eetre la visibilit\u00e9, la fiabilit\u00e9 et la r\u00e9gularit\u00e9 pour nos clients.<\/li>\n<\/ul>\n<p><strong><em>RahrBSG est d\u00e9termin\u00e9e \u00e0 demeurer un exp\u00e9diteur de choix pour ses r\u00e9seaux de transporteurs. Plus que jamais, les tarifs d\u2019exp\u00e9dition, le service et l\u2019ex\u00e9cution de la livraison comptent pour beaucoup, et nous sommes engag\u00e9s \u00e0 fournir des solutions de transports parmi les meilleures de l\u2019industrie \u00e0 nos clients en 2023.<\/em><\/strong><\/p>\n<p><strong>Fa\u00e7ons de minimiser les retards et les frais de transport\u00a0:<\/strong><\/p>\n<ul>\n<li>Pr\u00e9voyez un d\u00e9lai suppl\u00e9mentaire. Si possible, pr\u00e9voyez un d\u00e9lai de 72 heures quand vous passez une commande.\u00a0Pr\u00e9voir des d\u00e9lais plus longs est la meilleure fa\u00e7on de nous aider \u00e0 limiter vos frais de transport.<\/li>\n<li>Faites-nous part de vos plans. Fournir une pr\u00e9vision des changements majeurs apport\u00e9s \u00e0 vos quantit\u00e9s de commandes actuelles nous aidera \u00e0 assurer une capacit\u00e9 suppl\u00e9mentaire \u00e0 l\u2019avance. Envisagez \u00e9galement d\u2019augmenter la quantit\u00e9 tampon de vos ingr\u00e9dients de base.<\/li>\n<li>Pr\u00e9voyez du temps suppl\u00e9mentaire pour les demandes de livraison sp\u00e9ciales. Planifiez du temps suppl\u00e9mentaire pour les demandes de livraison sp\u00e9ciales, comme la livraison avec hayon arri\u00e8re, sur appel ou par camion porteur.<\/li>\n<\/ul>\n<p><strong>RahrBSG aimerait tirer parti de son exp\u00e9rience en mati\u00e8re de cha\u00eene d\u2019approvisionnement et de logistique pour aider votre entreprise. Si vous avez des questions sur la r\u00e9ception du fret, le choix des transporteurs, la constance des d\u00e9lais de livraison ou d\u2019autres questions semblables, nous sommes l\u00e0 pour vous aider!<\/strong><\/p>\n<p>Contactez notre \u00e9quipe de logistique directement \u00e0 <a href=\"https:\/\/rahrbsg.ca\/fr\/faq\/\">FAQ<\/a>.<\/p>\n","protected":false},"excerpt":{"rendered":"<p>Rapport de l\u2019USDA sur les r\u00e9coltes de houblon en 2022 Le rapport r\u00e9cemment publi\u00e9 par l\u2019UDSA sur les r\u00e9coltes de houblon en 2022 fait \u00e9tat d\u2019une production totale de 101 millions de livres dans les \u00e9tats de Washington, Idaho et Oregon. Cela repr\u00e9sente une baisse de 12 pour cent sur l\u2019ann\u00e9e pr\u00e9c\u00e9dente. Pour plus de [&hellip;]<\/p>\n","protected":false},"author":4,"featured_media":0,"parent":0,"menu_order":0,"comment_status":"closed","ping_status":"closed","template":"","meta":{"_acf_changed":false,"inline_featured_image":false,"footnotes":""},"class_list":["post-5597","page","type-page","status-publish","hentry"],"acf":[],"yoast_head":"<!-- This site is optimized with the Yoast SEO plugin v27.2 - https:\/\/yoast.com\/product\/yoast-seo-wordpress\/ -->\n<title>Mise \u00e0 jour du march\u00e9 | RahrBSG Canada<\/title>\n<meta name=\"robots\" content=\"index, follow, max-snippet:-1, max-image-preview:large, max-video-preview:-1\" \/>\n<link rel=\"canonical\" href=\"https:\/\/rahrbsg.ca\/fr\/mises-a-jour-logistiques\/\" \/>\n<meta property=\"og:locale\" content=\"fr_CA\" \/>\n<meta property=\"og:type\" content=\"article\" \/>\n<meta property=\"og:title\" content=\"Mise \u00e0 jour du march\u00e9 | RahrBSG Canada\" \/>\n<meta property=\"og:description\" content=\"Rapport de l\u2019USDA sur les r\u00e9coltes de houblon en 2022 Le rapport r\u00e9cemment publi\u00e9 par l\u2019UDSA sur les r\u00e9coltes de houblon en 2022 fait \u00e9tat d\u2019une production totale de 101 millions de livres dans les \u00e9tats de Washington, Idaho et Oregon. Cela repr\u00e9sente une baisse de 12 pour cent sur l\u2019ann\u00e9e pr\u00e9c\u00e9dente. Pour plus de [&hellip;]\" \/>\n<meta property=\"og:url\" content=\"https:\/\/rahrbsg.ca\/fr\/mises-a-jour-logistiques\/\" \/>\n<meta property=\"og:site_name\" content=\"RahrBSG Canada\" \/>\n<meta property=\"article:modified_time\" content=\"2023-01-10T16:47:30+00:00\" \/>\n<meta property=\"og:image\" content=\"https:\/\/rahrbsg.ca\/wp-content\/uploads\/2025\/02\/RahrBSG-social-image-1.jpg\" \/>\n\t<meta property=\"og:image:width\" content=\"1800\" \/>\n\t<meta property=\"og:image:height\" content=\"945\" \/>\n\t<meta property=\"og:image:type\" content=\"image\/jpeg\" \/>\n<meta name=\"twitter:card\" content=\"summary_large_image\" \/>\n<meta name=\"twitter:label1\" content=\"Estimation du temps de lecture\" \/>\n\t<meta name=\"twitter:data1\" content=\"3 minutes\" \/>\n<script type=\"application\/ld+json\" class=\"yoast-schema-graph\">{\"@context\":\"https:\/\/schema.org\",\"@graph\":[{\"@type\":\"WebPage\",\"@id\":\"https:\/\/rahrbsg.ca\/fr\/mises-a-jour-logistiques\/\",\"url\":\"https:\/\/rahrbsg.ca\/fr\/mises-a-jour-logistiques\/\",\"name\":\"Mise \u00e0 jour du march\u00e9 | RahrBSG Canada\",\"isPartOf\":{\"@id\":\"https:\/\/rahrbsg.ca\/#website\"},\"datePublished\":\"2022-01-18T14:46:14+00:00\",\"dateModified\":\"2023-01-10T16:47:30+00:00\",\"breadcrumb\":{\"@id\":\"https:\/\/rahrbsg.ca\/fr\/mises-a-jour-logistiques\/#breadcrumb\"},\"inLanguage\":\"fr-CA\",\"potentialAction\":[{\"@type\":\"ReadAction\",\"target\":[\"https:\/\/rahrbsg.ca\/fr\/mises-a-jour-logistiques\/\"]}]},{\"@type\":\"BreadcrumbList\",\"@id\":\"https:\/\/rahrbsg.ca\/fr\/mises-a-jour-logistiques\/#breadcrumb\",\"itemListElement\":[{\"@type\":\"ListItem\",\"position\":1,\"name\":\"Home\",\"item\":\"https:\/\/rahrbsg.ca\/fr\/\"},{\"@type\":\"ListItem\",\"position\":2,\"name\":\"Mise \u00e0 jour du march\u00e9\"}]},{\"@type\":\"WebSite\",\"@id\":\"https:\/\/rahrbsg.ca\/#website\",\"url\":\"https:\/\/rahrbsg.ca\/\",\"name\":\"RahrBSG Canada\",\"description\":\"Canadian Bulk Brewing &amp; Beer Supply Company\",\"potentialAction\":[{\"@type\":\"SearchAction\",\"target\":{\"@type\":\"EntryPoint\",\"urlTemplate\":\"https:\/\/rahrbsg.ca\/?s={search_term_string}\"},\"query-input\":{\"@type\":\"PropertyValueSpecification\",\"valueRequired\":true,\"valueName\":\"search_term_string\"}}],\"inLanguage\":\"fr-CA\"}]}<\/script>\n<!-- \/ Yoast SEO plugin. -->","yoast_head_json":{"title":"Mise \u00e0 jour du march\u00e9 | RahrBSG Canada","robots":{"index":"index","follow":"follow","max-snippet":"max-snippet:-1","max-image-preview":"max-image-preview:large","max-video-preview":"max-video-preview:-1"},"canonical":"https:\/\/rahrbsg.ca\/fr\/mises-a-jour-logistiques\/","og_locale":"fr_CA","og_type":"article","og_title":"Mise \u00e0 jour du march\u00e9 | RahrBSG Canada","og_description":"Rapport de l\u2019USDA sur les r\u00e9coltes de houblon en 2022 Le rapport r\u00e9cemment publi\u00e9 par l\u2019UDSA sur les r\u00e9coltes de houblon en 2022 fait \u00e9tat d\u2019une production totale de 101 millions de livres dans les \u00e9tats de Washington, Idaho et Oregon. Cela repr\u00e9sente une baisse de 12 pour cent sur l\u2019ann\u00e9e pr\u00e9c\u00e9dente. Pour plus de [&hellip;]","og_url":"https:\/\/rahrbsg.ca\/fr\/mises-a-jour-logistiques\/","og_site_name":"RahrBSG Canada","article_modified_time":"2023-01-10T16:47:30+00:00","og_image":[{"width":1800,"height":945,"url":"https:\/\/rahrbsg.ca\/wp-content\/uploads\/2025\/02\/RahrBSG-social-image-1.jpg","type":"image\/jpeg"}],"twitter_card":"summary_large_image","twitter_misc":{"Estimation du temps de lecture":"3 minutes"},"schema":{"@context":"https:\/\/schema.org","@graph":[{"@type":"WebPage","@id":"https:\/\/rahrbsg.ca\/fr\/mises-a-jour-logistiques\/","url":"https:\/\/rahrbsg.ca\/fr\/mises-a-jour-logistiques\/","name":"Mise \u00e0 jour du march\u00e9 | RahrBSG Canada","isPartOf":{"@id":"https:\/\/rahrbsg.ca\/#website"},"datePublished":"2022-01-18T14:46:14+00:00","dateModified":"2023-01-10T16:47:30+00:00","breadcrumb":{"@id":"https:\/\/rahrbsg.ca\/fr\/mises-a-jour-logistiques\/#breadcrumb"},"inLanguage":"fr-CA","potentialAction":[{"@type":"ReadAction","target":["https:\/\/rahrbsg.ca\/fr\/mises-a-jour-logistiques\/"]}]},{"@type":"BreadcrumbList","@id":"https:\/\/rahrbsg.ca\/fr\/mises-a-jour-logistiques\/#breadcrumb","itemListElement":[{"@type":"ListItem","position":1,"name":"Home","item":"https:\/\/rahrbsg.ca\/fr\/"},{"@type":"ListItem","position":2,"name":"Mise \u00e0 jour du march\u00e9"}]},{"@type":"WebSite","@id":"https:\/\/rahrbsg.ca\/#website","url":"https:\/\/rahrbsg.ca\/","name":"RahrBSG Canada","description":"Canadian Bulk Brewing &amp; Beer Supply Company","potentialAction":[{"@type":"SearchAction","target":{"@type":"EntryPoint","urlTemplate":"https:\/\/rahrbsg.ca\/?s={search_term_string}"},"query-input":{"@type":"PropertyValueSpecification","valueRequired":true,"valueName":"search_term_string"}}],"inLanguage":"fr-CA"}]}},"_links":{"self":[{"href":"https:\/\/rahrbsg.ca\/fr\/wp-json\/wp\/v2\/pages\/5597","targetHints":{"allow":["GET"]}}],"collection":[{"href":"https:\/\/rahrbsg.ca\/fr\/wp-json\/wp\/v2\/pages"}],"about":[{"href":"https:\/\/rahrbsg.ca\/fr\/wp-json\/wp\/v2\/types\/page"}],"author":[{"embeddable":true,"href":"https:\/\/rahrbsg.ca\/fr\/wp-json\/wp\/v2\/users\/4"}],"replies":[{"embeddable":true,"href":"https:\/\/rahrbsg.ca\/fr\/wp-json\/wp\/v2\/comments?post=5597"}],"version-history":[{"count":0,"href":"https:\/\/rahrbsg.ca\/fr\/wp-json\/wp\/v2\/pages\/5597\/revisions"}],"wp:attachment":[{"href":"https:\/\/rahrbsg.ca\/fr\/wp-json\/wp\/v2\/media?parent=5597"}],"curies":[{"name":"wp","href":"https:\/\/api.w.org\/{rel}","templated":true}]}}