{"id":5040,"date":"2022-01-10T16:29:37","date_gmt":"2022-01-10T16:29:37","guid":{"rendered":"https:\/\/bsgcanada.wpengine.com\/resources\/"},"modified":"2022-01-19T21:33:03","modified_gmt":"2022-01-19T21:33:03","slug":"ressources","status":"publish","type":"page","link":"https:\/\/rahrbsg.ca\/fr\/ressources\/","title":{"rendered":"Ressources"},"content":{"rendered":"<p>Chez RahrBSG Canada, nous savons qu\u2019avoir une multitude de connaissances et d&rsquo;informations sur les ingr\u00e9dients et les proc\u00e9dures de brassage peut aider la formulation des recettes, la r\u00e9solution des probl\u00e8mes, l\u2019obtention de certaines saveurs, la compr\u00e9hension des propri\u00e9t\u00e9s chimiques d\u2019un adjuvant de brassage, la s\u00e9curit\u00e9 dans la salle de brassage, ainsi que toutes les \u00e9tapes interm\u00e9diaires.<\/p>\n<p>Ici, vous trouverez les FDS, les fiches signal\u00e9tiques des produits, des documents qui portent sur divers sujets li\u00e9s au brassage, des vid\u00e9os de d\u00e9monstration et d\u2019autre mat\u00e9riel utile. S\u2019il y a de l\u2019information ou un sujet d&rsquo;int\u00e9r\u00eat que vous aimeriez approfondir, veuillez nous le faire savoir et nous ferons de notre mieux pour l\u2019ajouter \u00e0 notre page Ressources.<\/p>\n<p>Les FDS et les fiches d&rsquo;information techniques de tous les produits de Kerry Group sont disponibles sur demande. Veuillez contacter nos services aux clients pour obtenir ces renseignements: <a href=\"mailto:canada@rahrbsg.com\">canada@rahrbsg.com<\/a> or <a href=\"tel:800.374.2739\"> 1.800.234.8191<\/a><\/p>\n<h4>Commande de malt<\/h4>\n<p><a href=\"https:\/\/rahrbsg.ca\/fr\/commande-de-malt\/\">Pour en savoir plus sur la commande de malt, veuillez visiter notre page Commande de malt.<\/a><\/p>\n<h4>Fiches des produits<\/h4>\n<p><a href=\"https:\/\/rahrbsg.ca\/fr\/fiches-des-produits\/\">T\u00e9l\u00e9chargez les documents PDF d\u2019une vari\u00e9t\u00e9 de nos produits qui sont utiles dans la salle de brassage.<\/a><\/p>\n<h4>Rapports et documents sur l\u2019agriculture<\/h4>\n<p><a href=\"https:\/\/rahrbsg.ca\/fr\/rapports-sur-lagriculture\/\">Rapports et documents pour vous aider \u00e0 suivre ce qui se passe dans l&rsquo;industrie.<\/a><\/p>\n<h4>FDS<\/h4>\n<p><a href=\"https:\/\/rahrbsg.ca\/fr\/fds\/\">Documents essentiels \u00e0 avoir sous la main dans la salle de brassage.<\/a><\/p>\n<h4>Fiches signal\u00e9tiques et techniques des produits<\/h4>\n<p><a href=\"https:\/\/rahrbsg.ca\/fr\/fiches-signaletiques-et-techniques-des-produits\/\">Sp\u00e9cifications et information d\u00e9taill\u00e9es sur certains de nos produits.<\/a><\/p>\n<h4>Applications de produits<\/h4>\n<p><a href=\"https:\/\/rahrbsg.ca\/fr\/applications-de-produits\/\">Ces documents PDF utiles fournissent les taux d\u2019utilisation, les sc\u00e9narios d&rsquo;application et des conseils sur la fa\u00e7on d\u2019utiliser les produits respectifs.<\/a><\/p>\n<h4>Proc\u00e9d\u00e9s et techniques de brassage<\/h4>\n<p><a href=\"https:\/\/rahrbsg.ca\/fr\/procedes-et-techniques-de-brassage\/\">Documents qui portent sur l\u2019optimisation du collage, la clarification de la bi\u00e8re, ainsi que d\u2019autres sujets instructifs.<\/a><\/p>\n","protected":false},"excerpt":{"rendered":"<p>Chez RahrBSG Canada, nous savons qu\u2019avoir une multitude de connaissances et d&rsquo;informations sur les ingr\u00e9dients et les proc\u00e9dures de brassage peut aider la formulation des recettes, la r\u00e9solution des probl\u00e8mes, l\u2019obtention de certaines saveurs, la compr\u00e9hension des propri\u00e9t\u00e9s chimiques d\u2019un adjuvant de brassage, la s\u00e9curit\u00e9 dans la salle de brassage, ainsi que toutes les \u00e9tapes [&hellip;]<\/p>\n","protected":false},"author":4,"featured_media":0,"parent":0,"menu_order":0,"comment_status":"closed","ping_status":"closed","template":"","meta":{"_acf_changed":false,"inline_featured_image":false,"footnotes":""},"class_list":["post-5040","page","type-page","status-publish","hentry"],"acf":[],"yoast_head":"<!-- This site is optimized with the Yoast SEO plugin v27.2 - https:\/\/yoast.com\/product\/yoast-seo-wordpress\/ -->\n<title>Ressources | RahrBSG Canada<\/title>\n<meta name=\"robots\" content=\"index, follow, max-snippet:-1, max-image-preview:large, max-video-preview:-1\" \/>\n<link rel=\"canonical\" href=\"https:\/\/rahrbsg.ca\/resources\/\" \/>\n<meta property=\"og:locale\" content=\"fr_CA\" \/>\n<meta property=\"og:type\" content=\"article\" \/>\n<meta property=\"og:title\" content=\"Ressources | RahrBSG Canada\" \/>\n<meta property=\"og:description\" content=\"Chez RahrBSG Canada, nous savons qu\u2019avoir une multitude de connaissances et d&rsquo;informations sur les ingr\u00e9dients et les proc\u00e9dures de brassage peut aider la formulation des recettes, la r\u00e9solution des probl\u00e8mes, l\u2019obtention de certaines saveurs, la compr\u00e9hension des propri\u00e9t\u00e9s chimiques d\u2019un adjuvant de brassage, la s\u00e9curit\u00e9 dans la salle de brassage, ainsi que toutes les \u00e9tapes [&hellip;]\" \/>\n<meta property=\"og:url\" content=\"https:\/\/rahrbsg.ca\/resources\/\" \/>\n<meta property=\"og:site_name\" content=\"RahrBSG Canada\" \/>\n<meta property=\"article:modified_time\" content=\"2022-01-19T21:33:03+00:00\" \/>\n<meta property=\"og:image\" content=\"https:\/\/rahrbsg.ca\/wp-content\/uploads\/2025\/02\/RahrBSG-social-image-1.jpg\" \/>\n\t<meta property=\"og:image:width\" content=\"1800\" \/>\n\t<meta property=\"og:image:height\" content=\"945\" \/>\n\t<meta property=\"og:image:type\" content=\"image\/jpeg\" \/>\n<meta name=\"twitter:card\" content=\"summary_large_image\" \/>\n<meta name=\"twitter:label1\" content=\"Estimation du temps de lecture\" \/>\n\t<meta name=\"twitter:data1\" content=\"2 minutes\" \/>\n<script type=\"application\/ld+json\" class=\"yoast-schema-graph\">{\"@context\":\"https:\/\/schema.org\",\"@graph\":[{\"@type\":\"WebPage\",\"@id\":\"https:\/\/rahrbsg.ca\/resources\/\",\"url\":\"https:\/\/rahrbsg.ca\/resources\/\",\"name\":\"Ressources | RahrBSG Canada\",\"isPartOf\":{\"@id\":\"https:\/\/rahrbsg.ca\/#website\"},\"datePublished\":\"2022-01-10T16:29:37+00:00\",\"dateModified\":\"2022-01-19T21:33:03+00:00\",\"breadcrumb\":{\"@id\":\"https:\/\/rahrbsg.ca\/resources\/#breadcrumb\"},\"inLanguage\":\"fr-CA\",\"potentialAction\":[{\"@type\":\"ReadAction\",\"target\":[\"https:\/\/rahrbsg.ca\/resources\/\"]}]},{\"@type\":\"BreadcrumbList\",\"@id\":\"https:\/\/rahrbsg.ca\/resources\/#breadcrumb\",\"itemListElement\":[{\"@type\":\"ListItem\",\"position\":1,\"name\":\"Home\",\"item\":\"https:\/\/rahrbsg.ca\/fr\/\"},{\"@type\":\"ListItem\",\"position\":2,\"name\":\"Ressources\"}]},{\"@type\":\"WebSite\",\"@id\":\"https:\/\/rahrbsg.ca\/#website\",\"url\":\"https:\/\/rahrbsg.ca\/\",\"name\":\"RahrBSG Canada\",\"description\":\"Canadian Bulk Brewing &amp; Beer Supply Company\",\"potentialAction\":[{\"@type\":\"SearchAction\",\"target\":{\"@type\":\"EntryPoint\",\"urlTemplate\":\"https:\/\/rahrbsg.ca\/?s={search_term_string}\"},\"query-input\":{\"@type\":\"PropertyValueSpecification\",\"valueRequired\":true,\"valueName\":\"search_term_string\"}}],\"inLanguage\":\"fr-CA\"}]}<\/script>\n<!-- \/ Yoast SEO plugin. -->","yoast_head_json":{"title":"Ressources | RahrBSG Canada","robots":{"index":"index","follow":"follow","max-snippet":"max-snippet:-1","max-image-preview":"max-image-preview:large","max-video-preview":"max-video-preview:-1"},"canonical":"https:\/\/rahrbsg.ca\/resources\/","og_locale":"fr_CA","og_type":"article","og_title":"Ressources | RahrBSG Canada","og_description":"Chez RahrBSG Canada, nous savons qu\u2019avoir une multitude de connaissances et d&rsquo;informations sur les ingr\u00e9dients et les proc\u00e9dures de brassage peut aider la formulation des recettes, la r\u00e9solution des probl\u00e8mes, l\u2019obtention de certaines saveurs, la compr\u00e9hension des propri\u00e9t\u00e9s chimiques d\u2019un adjuvant de brassage, la s\u00e9curit\u00e9 dans la salle de brassage, ainsi que toutes les \u00e9tapes [&hellip;]","og_url":"https:\/\/rahrbsg.ca\/resources\/","og_site_name":"RahrBSG Canada","article_modified_time":"2022-01-19T21:33:03+00:00","og_image":[{"width":1800,"height":945,"url":"https:\/\/rahrbsg.ca\/wp-content\/uploads\/2025\/02\/RahrBSG-social-image-1.jpg","type":"image\/jpeg"}],"twitter_card":"summary_large_image","twitter_misc":{"Estimation du temps de lecture":"2 minutes"},"schema":{"@context":"https:\/\/schema.org","@graph":[{"@type":"WebPage","@id":"https:\/\/rahrbsg.ca\/resources\/","url":"https:\/\/rahrbsg.ca\/resources\/","name":"Ressources | RahrBSG Canada","isPartOf":{"@id":"https:\/\/rahrbsg.ca\/#website"},"datePublished":"2022-01-10T16:29:37+00:00","dateModified":"2022-01-19T21:33:03+00:00","breadcrumb":{"@id":"https:\/\/rahrbsg.ca\/resources\/#breadcrumb"},"inLanguage":"fr-CA","potentialAction":[{"@type":"ReadAction","target":["https:\/\/rahrbsg.ca\/resources\/"]}]},{"@type":"BreadcrumbList","@id":"https:\/\/rahrbsg.ca\/resources\/#breadcrumb","itemListElement":[{"@type":"ListItem","position":1,"name":"Home","item":"https:\/\/rahrbsg.ca\/fr\/"},{"@type":"ListItem","position":2,"name":"Ressources"}]},{"@type":"WebSite","@id":"https:\/\/rahrbsg.ca\/#website","url":"https:\/\/rahrbsg.ca\/","name":"RahrBSG Canada","description":"Canadian Bulk Brewing &amp; Beer Supply Company","potentialAction":[{"@type":"SearchAction","target":{"@type":"EntryPoint","urlTemplate":"https:\/\/rahrbsg.ca\/?s={search_term_string}"},"query-input":{"@type":"PropertyValueSpecification","valueRequired":true,"valueName":"search_term_string"}}],"inLanguage":"fr-CA"}]}},"_links":{"self":[{"href":"https:\/\/rahrbsg.ca\/fr\/wp-json\/wp\/v2\/pages\/5040","targetHints":{"allow":["GET"]}}],"collection":[{"href":"https:\/\/rahrbsg.ca\/fr\/wp-json\/wp\/v2\/pages"}],"about":[{"href":"https:\/\/rahrbsg.ca\/fr\/wp-json\/wp\/v2\/types\/page"}],"author":[{"embeddable":true,"href":"https:\/\/rahrbsg.ca\/fr\/wp-json\/wp\/v2\/users\/4"}],"replies":[{"embeddable":true,"href":"https:\/\/rahrbsg.ca\/fr\/wp-json\/wp\/v2\/comments?post=5040"}],"version-history":[{"count":0,"href":"https:\/\/rahrbsg.ca\/fr\/wp-json\/wp\/v2\/pages\/5040\/revisions"}],"wp:attachment":[{"href":"https:\/\/rahrbsg.ca\/fr\/wp-json\/wp\/v2\/media?parent=5040"}],"curies":[{"name":"wp","href":"https:\/\/api.w.org\/{rel}","templated":true}]}}