{"id":5037,"date":"2022-01-10T16:24:07","date_gmt":"2022-01-10T16:24:07","guid":{"rendered":"https:\/\/bsgcanada.wpengine.com\/about-us\/"},"modified":"2024-11-04T14:46:25","modified_gmt":"2024-11-04T20:46:25","slug":"about-us","status":"publish","type":"page","link":"https:\/\/rahrbsg.ca\/fr\/about-us\/","title":{"rendered":"\u00c0 Propos De Nous"},"content":{"rendered":"<h2>RahrBSG Canada : Des ingr\u00e9dients de premier choix, l\u2019exp\u00e9rience de l&rsquo;industrie et le d\u00e9vouement du service \u00e0 la client\u00e8le dont vous avez besoin pour aider \u00e0 cr\u00e9er des bi\u00e8res exceptionnelles.<\/h2>\n<p>Depuis 2004, RahrBSG gagne la confiance de ses clients en leur fournissant les meilleurs ingr\u00e9dients de brassage \u00e0 des prix concurrentiels, un service \u00e0 la client\u00e8le remarquable et un bagage d&rsquo;exp\u00e9rience de l&rsquo;industrie.<\/p>\n<p>Le consommateur de bi\u00e8re artisanale actuel \u00e9tend son regard sur le monde et RahrBSG livre le monde dans votre salle de brassage gr\u00e2ce \u00e0 une port\u00e9e et une diversit\u00e9 d\u2019ingr\u00e9dients sans pr\u00e9c\u00e9dent qui viennent d&rsquo;ici et d&rsquo;ailleurs. Notre comp\u00e9tent et amical personnel de vente et de gestion est issu du secteur brassicole et peut vous aider \u00e0 formuler des recettes et r\u00e9soudre des probl\u00e8mes. Nos centres de distribution situ\u00e9s de fa\u00e7on strat\u00e9gique partout en Am\u00e9rique du Nord et notre installation de traitement du houblon certifi\u00e9e FSSC 22000 qui se trouve dans la r\u00e9gion du Nord-Ouest du Pacifique nous permettent de rejoindre rapidement la plupart des brasseries.<\/p>\n<p>Les bi\u00e8res de qualit\u00e9 sont faites \u00e0 partir d\u2019ingr\u00e9dients de premier choix. RahrBSG s\u2019engage \u00e0 \u00eatre votre partenaire. Chez RahrBSG, nous partageons votre passion pour la cr\u00e9ation de bi\u00e8res exceptionnelles.<\/p>\n<p>Brewers Supply Group (RahrBSG) est une filiale \u00e0 part enti\u00e8re de <a href=\"https:\/\/rahr.com\/\" target=\"_blank\" rel=\"noopener\">Rahr Corporation<\/a>.<\/p>\n<p>Pour en savoir plus sur nos diff\u00e9rentes divisions, visitez le <a href=\"https:\/\/rahrbsg.com\/\" target=\"_blank\" rel=\"noopener\">www.rahrbsg.com<\/a>.<\/p>\n<p>Vous voulez devenir un client?<\/p>\n<p>Fondez-vous une brasserie? \u00cates-vous \u00e0 la recherche d&rsquo;ingr\u00e9dients et de conseils? Pour savoir comment devenir un client, <a href=\"https:\/\/rahrbsg.com\/become-a-customer\/\" target=\"_blank\" rel=\"noopener\">cliquez ici.<\/a><\/p>\n<p>Nous serons ravis de communiquer avec vous!<\/p>\n<p>Vous souhaitez passer une commande, avez besoin d\u2019aide pour r\u00e9soudre un probl\u00e8me ou avez une question sur votre compte?<\/p>\n<p><a href=\"https:\/\/rahrbsg.ca\/fr\/contactez-nous\/\">Cliquez ici et contactez-nous aujourd\u2019hui.<\/a><\/p>\n<p><p class=\"ratio ratio-16x9\"><iframe loading=\"lazy\" src=\"https:\/\/www.youtube.com\/embed\/ivzcK69edAM\" width=\"560\" height=\"315\" frameborder=\"0\" allowfullscreen=\"allowfullscreen\"><\/iframe><\/p><\/p>\n","protected":false},"excerpt":{"rendered":"<p>RahrBSG Canada : Des ingr\u00e9dients de premier choix, l\u2019exp\u00e9rience de l&rsquo;industrie et le d\u00e9vouement du service \u00e0 la client\u00e8le dont vous avez besoin pour aider \u00e0 cr\u00e9er des bi\u00e8res exceptionnelles. Depuis 2004, RahrBSG gagne la confiance de ses clients en leur fournissant les meilleurs ingr\u00e9dients de brassage \u00e0 des prix concurrentiels, un service \u00e0 la [&hellip;]<\/p>\n","protected":false},"author":4,"featured_media":0,"parent":0,"menu_order":0,"comment_status":"closed","ping_status":"closed","template":"template-builder.php","meta":{"_acf_changed":false,"inline_featured_image":false,"footnotes":""},"class_list":["post-5037","page","type-page","status-publish","hentry"],"acf":[],"yoast_head":"<!-- This site is optimized with the Yoast SEO plugin v27.2 - https:\/\/yoast.com\/product\/yoast-seo-wordpress\/ -->\n<title>\u00c0 Propos De Nous | RahrBSG Canada<\/title>\n<meta name=\"robots\" content=\"index, follow, max-snippet:-1, max-image-preview:large, max-video-preview:-1\" \/>\n<link rel=\"canonical\" href=\"https:\/\/rahrbsg.ca\/fr\/about-us\/\" \/>\n<meta property=\"og:locale\" content=\"fr_CA\" \/>\n<meta property=\"og:type\" content=\"article\" \/>\n<meta property=\"og:title\" content=\"\u00c0 Propos De Nous | RahrBSG Canada\" \/>\n<meta property=\"og:description\" content=\"RahrBSG Canada : Des ingr\u00e9dients de premier choix, l\u2019exp\u00e9rience de l&rsquo;industrie et le d\u00e9vouement du service \u00e0 la client\u00e8le dont vous avez besoin pour aider \u00e0 cr\u00e9er des bi\u00e8res exceptionnelles. Depuis 2004, RahrBSG gagne la confiance de ses clients en leur fournissant les meilleurs ingr\u00e9dients de brassage \u00e0 des prix concurrentiels, un service \u00e0 la [&hellip;]\" \/>\n<meta property=\"og:url\" content=\"https:\/\/rahrbsg.ca\/fr\/about-us\/\" \/>\n<meta property=\"og:site_name\" content=\"RahrBSG Canada\" \/>\n<meta property=\"article:modified_time\" content=\"2024-11-04T20:46:25+00:00\" \/>\n<meta property=\"og:image\" content=\"https:\/\/rahrbsg.ca\/wp-content\/uploads\/2025\/02\/RahrBSG-social-image-1.jpg\" \/>\n\t<meta property=\"og:image:width\" content=\"1800\" \/>\n\t<meta property=\"og:image:height\" content=\"945\" \/>\n\t<meta property=\"og:image:type\" content=\"image\/jpeg\" \/>\n<meta name=\"twitter:card\" content=\"summary_large_image\" \/>\n<meta name=\"twitter:label1\" content=\"Estimation du temps de lecture\" \/>\n\t<meta name=\"twitter:data1\" content=\"2 minutes\" \/>\n<script type=\"application\/ld+json\" class=\"yoast-schema-graph\">{\"@context\":\"https:\/\/schema.org\",\"@graph\":[{\"@type\":\"WebPage\",\"@id\":\"https:\/\/rahrbsg.ca\/fr\/about-us\/\",\"url\":\"https:\/\/rahrbsg.ca\/fr\/about-us\/\",\"name\":\"\u00c0 Propos De Nous | RahrBSG Canada\",\"isPartOf\":{\"@id\":\"https:\/\/rahrbsg.ca\/#website\"},\"datePublished\":\"2022-01-10T16:24:07+00:00\",\"dateModified\":\"2024-11-04T20:46:25+00:00\",\"breadcrumb\":{\"@id\":\"https:\/\/rahrbsg.ca\/fr\/about-us\/#breadcrumb\"},\"inLanguage\":\"fr-CA\",\"potentialAction\":[{\"@type\":\"ReadAction\",\"target\":[\"https:\/\/rahrbsg.ca\/fr\/about-us\/\"]}]},{\"@type\":\"BreadcrumbList\",\"@id\":\"https:\/\/rahrbsg.ca\/fr\/about-us\/#breadcrumb\",\"itemListElement\":[{\"@type\":\"ListItem\",\"position\":1,\"name\":\"Home\",\"item\":\"https:\/\/rahrbsg.ca\/fr\/\"},{\"@type\":\"ListItem\",\"position\":2,\"name\":\"\u00c0 Propos De Nous\"}]},{\"@type\":\"WebSite\",\"@id\":\"https:\/\/rahrbsg.ca\/#website\",\"url\":\"https:\/\/rahrbsg.ca\/\",\"name\":\"RahrBSG Canada\",\"description\":\"Canadian Bulk Brewing &amp; Beer Supply Company\",\"potentialAction\":[{\"@type\":\"SearchAction\",\"target\":{\"@type\":\"EntryPoint\",\"urlTemplate\":\"https:\/\/rahrbsg.ca\/?s={search_term_string}\"},\"query-input\":{\"@type\":\"PropertyValueSpecification\",\"valueRequired\":true,\"valueName\":\"search_term_string\"}}],\"inLanguage\":\"fr-CA\"}]}<\/script>\n<!-- \/ Yoast SEO plugin. -->","yoast_head_json":{"title":"\u00c0 Propos De Nous | RahrBSG Canada","robots":{"index":"index","follow":"follow","max-snippet":"max-snippet:-1","max-image-preview":"max-image-preview:large","max-video-preview":"max-video-preview:-1"},"canonical":"https:\/\/rahrbsg.ca\/fr\/about-us\/","og_locale":"fr_CA","og_type":"article","og_title":"\u00c0 Propos De Nous | RahrBSG Canada","og_description":"RahrBSG Canada : Des ingr\u00e9dients de premier choix, l\u2019exp\u00e9rience de l&rsquo;industrie et le d\u00e9vouement du service \u00e0 la client\u00e8le dont vous avez besoin pour aider \u00e0 cr\u00e9er des bi\u00e8res exceptionnelles. Depuis 2004, RahrBSG gagne la confiance de ses clients en leur fournissant les meilleurs ingr\u00e9dients de brassage \u00e0 des prix concurrentiels, un service \u00e0 la [&hellip;]","og_url":"https:\/\/rahrbsg.ca\/fr\/about-us\/","og_site_name":"RahrBSG Canada","article_modified_time":"2024-11-04T20:46:25+00:00","og_image":[{"width":1800,"height":945,"url":"https:\/\/rahrbsg.ca\/wp-content\/uploads\/2025\/02\/RahrBSG-social-image-1.jpg","type":"image\/jpeg"}],"twitter_card":"summary_large_image","twitter_misc":{"Estimation du temps de lecture":"2 minutes"},"schema":{"@context":"https:\/\/schema.org","@graph":[{"@type":"WebPage","@id":"https:\/\/rahrbsg.ca\/fr\/about-us\/","url":"https:\/\/rahrbsg.ca\/fr\/about-us\/","name":"\u00c0 Propos De Nous | RahrBSG Canada","isPartOf":{"@id":"https:\/\/rahrbsg.ca\/#website"},"datePublished":"2022-01-10T16:24:07+00:00","dateModified":"2024-11-04T20:46:25+00:00","breadcrumb":{"@id":"https:\/\/rahrbsg.ca\/fr\/about-us\/#breadcrumb"},"inLanguage":"fr-CA","potentialAction":[{"@type":"ReadAction","target":["https:\/\/rahrbsg.ca\/fr\/about-us\/"]}]},{"@type":"BreadcrumbList","@id":"https:\/\/rahrbsg.ca\/fr\/about-us\/#breadcrumb","itemListElement":[{"@type":"ListItem","position":1,"name":"Home","item":"https:\/\/rahrbsg.ca\/fr\/"},{"@type":"ListItem","position":2,"name":"\u00c0 Propos De Nous"}]},{"@type":"WebSite","@id":"https:\/\/rahrbsg.ca\/#website","url":"https:\/\/rahrbsg.ca\/","name":"RahrBSG Canada","description":"Canadian Bulk Brewing &amp; Beer Supply Company","potentialAction":[{"@type":"SearchAction","target":{"@type":"EntryPoint","urlTemplate":"https:\/\/rahrbsg.ca\/?s={search_term_string}"},"query-input":{"@type":"PropertyValueSpecification","valueRequired":true,"valueName":"search_term_string"}}],"inLanguage":"fr-CA"}]}},"_links":{"self":[{"href":"https:\/\/rahrbsg.ca\/fr\/wp-json\/wp\/v2\/pages\/5037","targetHints":{"allow":["GET"]}}],"collection":[{"href":"https:\/\/rahrbsg.ca\/fr\/wp-json\/wp\/v2\/pages"}],"about":[{"href":"https:\/\/rahrbsg.ca\/fr\/wp-json\/wp\/v2\/types\/page"}],"author":[{"embeddable":true,"href":"https:\/\/rahrbsg.ca\/fr\/wp-json\/wp\/v2\/users\/4"}],"replies":[{"embeddable":true,"href":"https:\/\/rahrbsg.ca\/fr\/wp-json\/wp\/v2\/comments?post=5037"}],"version-history":[{"count":0,"href":"https:\/\/rahrbsg.ca\/fr\/wp-json\/wp\/v2\/pages\/5037\/revisions"}],"wp:attachment":[{"href":"https:\/\/rahrbsg.ca\/fr\/wp-json\/wp\/v2\/media?parent=5037"}],"curies":[{"name":"wp","href":"https:\/\/api.w.org\/{rel}","templated":true}]}}