{"id":5034,"date":"2022-01-10T16:19:54","date_gmt":"2022-01-10T16:19:54","guid":{"rendered":"https:\/\/bsgcanada.wpengine.com\/product-spec-data-sheets\/"},"modified":"2022-01-19T21:31:20","modified_gmt":"2022-01-19T21:31:20","slug":"fiches-signaletiques-et-techniques-des-produits","status":"publish","type":"page","link":"https:\/\/rahrbsg.ca\/fr\/fiches-signaletiques-et-techniques-des-produits\/","title":{"rendered":"Fiches signal\u00e9tiques et techniques des produits"},"content":{"rendered":"<p>Sp\u00e9cifications et information d\u00e9taill\u00e9es sur certains de nos produits<\/p>\n<h2>Fiches signal\u00e9tiques des produits<\/h2>\n<p><a href=\"https:\/\/rahrbsg.ca\/wp-content\/uploads\/2022\/01\/Alginex_SPEC.pdf\" target=\"_blank\" rel=\"noopener\">Alginex<\/a><\/p>\n<p><a href=\"https:\/\/rahrbsg.ca\/wp-content\/uploads\/2022\/01\/Magicol250AC_SPEC.pdf\" target=\"_blank\" rel=\"noopener\">Magicol 250AC<\/a><\/p>\n<h2>Fiches techniques des produits<\/h2>\n<p><a href=\"https:\/\/rahrbsg.ca\/wp-content\/uploads\/2021\/12\/ALDC-SDS-26.06.15.pdf\" target=\"_blank\" rel=\"noopener\">ALDC<\/a><\/p>\n<p><a href=\"https:\/\/rahrbsg.ca\/wp-content\/uploads\/2021\/12\/Alginex-TDS-2018-2.pdf\" target=\"_blank\" rel=\"noopener\">Alginex<\/a><\/p>\n<p><a href=\"https:\/\/rahrbsg.ca\/wp-content\/uploads\/2022\/01\/BrewersCalciumloride_MSDS.pdf\" target=\"_blank\" rel=\"noopener\">Brewer&rsquo;s Calcium Chloride<\/a><\/p>\n<p><a href=\"https:\/\/rahrbsg.ca\/wp-content\/uploads\/2022\/01\/BrewersGypsum_PI.pdf\" target=\"_blank\" rel=\"noopener\">Brewer&rsquo;s Gysum<\/a><\/p>\n<p><a href=\"https:\/\/rahrbsg.ca\/wp-content\/uploads\/2022\/01\/PBW_Tech.pdf\" target=\"_blank\" rel=\"noopener\">Five Star P.B.W.<\/a><\/p>\n<p><a href=\"https:\/\/rahrbsg.ca\/wp-content\/uploads\/2022\/01\/StarSan_Tech.pdf\" target=\"_blank\" rel=\"noopener\">Five Star Star San<\/a><\/p>\n<p><a href=\"https:\/\/rahrbsg.ca\/wp-content\/uploads\/2022\/01\/Magicol-AC-TDS-2018.pdf\" target=\"_blank\" rel=\"noopener\">Magicol 250AC<\/a><\/p>\n<p><a href=\"https:\/\/rahrbsg.ca\/wp-content\/uploads\/2022\/01\/Magicol-AS-TDS-2018.pdf\" target=\"_blank\" rel=\"noopener\">Magicol 250AS<\/a><\/p>\n","protected":false},"excerpt":{"rendered":"<p>Sp\u00e9cifications et information d\u00e9taill\u00e9es sur certains de nos produits Fiches signal\u00e9tiques des produits Alginex Magicol 250AC Fiches techniques des produits ALDC Alginex Brewer&rsquo;s Calcium Chloride Brewer&rsquo;s Gysum Five Star P.B.W. Five Star Star San Magicol 250AC Magicol 250AS<\/p>\n","protected":false},"author":4,"featured_media":0,"parent":0,"menu_order":0,"comment_status":"closed","ping_status":"closed","template":"","meta":{"_acf_changed":false,"inline_featured_image":false,"footnotes":""},"class_list":["post-5034","page","type-page","status-publish","hentry"],"acf":[],"yoast_head":"<!-- This site is optimized with the Yoast SEO plugin v27.2 - https:\/\/yoast.com\/product\/yoast-seo-wordpress\/ -->\n<title>Fiches signal\u00e9tiques et techniques des produits | RahrBSG Canada<\/title>\n<meta name=\"robots\" content=\"index, follow, max-snippet:-1, max-image-preview:large, max-video-preview:-1\" \/>\n<link rel=\"canonical\" href=\"https:\/\/rahrbsg.ca\/product-data-sheets\/\" \/>\n<meta property=\"og:locale\" content=\"fr_CA\" \/>\n<meta property=\"og:type\" content=\"article\" \/>\n<meta property=\"og:title\" content=\"Fiches signal\u00e9tiques et techniques des produits | RahrBSG Canada\" \/>\n<meta property=\"og:description\" content=\"Sp\u00e9cifications et information d\u00e9taill\u00e9es sur certains de nos produits Fiches signal\u00e9tiques des produits Alginex Magicol 250AC Fiches techniques des produits ALDC Alginex Brewer&rsquo;s Calcium Chloride Brewer&rsquo;s Gysum Five Star P.B.W. Five Star Star San Magicol 250AC Magicol 250AS\" \/>\n<meta property=\"og:url\" content=\"https:\/\/rahrbsg.ca\/product-data-sheets\/\" \/>\n<meta property=\"og:site_name\" content=\"RahrBSG Canada\" \/>\n<meta property=\"article:modified_time\" content=\"2022-01-19T21:31:20+00:00\" \/>\n<meta property=\"og:image\" content=\"https:\/\/rahrbsg.ca\/wp-content\/uploads\/2025\/02\/RahrBSG-social-image-1.jpg\" \/>\n\t<meta property=\"og:image:width\" content=\"1800\" \/>\n\t<meta property=\"og:image:height\" content=\"945\" \/>\n\t<meta property=\"og:image:type\" content=\"image\/jpeg\" \/>\n<meta name=\"twitter:card\" content=\"summary_large_image\" \/>\n<script type=\"application\/ld+json\" class=\"yoast-schema-graph\">{\"@context\":\"https:\/\/schema.org\",\"@graph\":[{\"@type\":\"WebPage\",\"@id\":\"https:\/\/rahrbsg.ca\/product-data-sheets\/\",\"url\":\"https:\/\/rahrbsg.ca\/product-data-sheets\/\",\"name\":\"Fiches signal\u00e9tiques et techniques des produits | RahrBSG Canada\",\"isPartOf\":{\"@id\":\"https:\/\/rahrbsg.ca\/#website\"},\"datePublished\":\"2022-01-10T16:19:54+00:00\",\"dateModified\":\"2022-01-19T21:31:20+00:00\",\"breadcrumb\":{\"@id\":\"https:\/\/rahrbsg.ca\/product-data-sheets\/#breadcrumb\"},\"inLanguage\":\"fr-CA\",\"potentialAction\":[{\"@type\":\"ReadAction\",\"target\":[\"https:\/\/rahrbsg.ca\/product-data-sheets\/\"]}]},{\"@type\":\"BreadcrumbList\",\"@id\":\"https:\/\/rahrbsg.ca\/product-data-sheets\/#breadcrumb\",\"itemListElement\":[{\"@type\":\"ListItem\",\"position\":1,\"name\":\"Home\",\"item\":\"https:\/\/rahrbsg.ca\/fr\/\"},{\"@type\":\"ListItem\",\"position\":2,\"name\":\"Fiches signal\u00e9tiques et techniques des produits\"}]},{\"@type\":\"WebSite\",\"@id\":\"https:\/\/rahrbsg.ca\/#website\",\"url\":\"https:\/\/rahrbsg.ca\/\",\"name\":\"RahrBSG Canada\",\"description\":\"Canadian Bulk Brewing &amp; Beer Supply Company\",\"potentialAction\":[{\"@type\":\"SearchAction\",\"target\":{\"@type\":\"EntryPoint\",\"urlTemplate\":\"https:\/\/rahrbsg.ca\/?s={search_term_string}\"},\"query-input\":{\"@type\":\"PropertyValueSpecification\",\"valueRequired\":true,\"valueName\":\"search_term_string\"}}],\"inLanguage\":\"fr-CA\"}]}<\/script>\n<!-- \/ Yoast SEO plugin. -->","yoast_head_json":{"title":"Fiches signal\u00e9tiques et techniques des produits | RahrBSG Canada","robots":{"index":"index","follow":"follow","max-snippet":"max-snippet:-1","max-image-preview":"max-image-preview:large","max-video-preview":"max-video-preview:-1"},"canonical":"https:\/\/rahrbsg.ca\/product-data-sheets\/","og_locale":"fr_CA","og_type":"article","og_title":"Fiches signal\u00e9tiques et techniques des produits | RahrBSG Canada","og_description":"Sp\u00e9cifications et information d\u00e9taill\u00e9es sur certains de nos produits Fiches signal\u00e9tiques des produits Alginex Magicol 250AC Fiches techniques des produits ALDC Alginex Brewer&rsquo;s Calcium Chloride Brewer&rsquo;s Gysum Five Star P.B.W. Five Star Star San Magicol 250AC Magicol 250AS","og_url":"https:\/\/rahrbsg.ca\/product-data-sheets\/","og_site_name":"RahrBSG Canada","article_modified_time":"2022-01-19T21:31:20+00:00","og_image":[{"width":1800,"height":945,"url":"https:\/\/rahrbsg.ca\/wp-content\/uploads\/2025\/02\/RahrBSG-social-image-1.jpg","type":"image\/jpeg"}],"twitter_card":"summary_large_image","schema":{"@context":"https:\/\/schema.org","@graph":[{"@type":"WebPage","@id":"https:\/\/rahrbsg.ca\/product-data-sheets\/","url":"https:\/\/rahrbsg.ca\/product-data-sheets\/","name":"Fiches signal\u00e9tiques et techniques des produits | RahrBSG Canada","isPartOf":{"@id":"https:\/\/rahrbsg.ca\/#website"},"datePublished":"2022-01-10T16:19:54+00:00","dateModified":"2022-01-19T21:31:20+00:00","breadcrumb":{"@id":"https:\/\/rahrbsg.ca\/product-data-sheets\/#breadcrumb"},"inLanguage":"fr-CA","potentialAction":[{"@type":"ReadAction","target":["https:\/\/rahrbsg.ca\/product-data-sheets\/"]}]},{"@type":"BreadcrumbList","@id":"https:\/\/rahrbsg.ca\/product-data-sheets\/#breadcrumb","itemListElement":[{"@type":"ListItem","position":1,"name":"Home","item":"https:\/\/rahrbsg.ca\/fr\/"},{"@type":"ListItem","position":2,"name":"Fiches signal\u00e9tiques et techniques des produits"}]},{"@type":"WebSite","@id":"https:\/\/rahrbsg.ca\/#website","url":"https:\/\/rahrbsg.ca\/","name":"RahrBSG Canada","description":"Canadian Bulk Brewing &amp; Beer Supply Company","potentialAction":[{"@type":"SearchAction","target":{"@type":"EntryPoint","urlTemplate":"https:\/\/rahrbsg.ca\/?s={search_term_string}"},"query-input":{"@type":"PropertyValueSpecification","valueRequired":true,"valueName":"search_term_string"}}],"inLanguage":"fr-CA"}]}},"_links":{"self":[{"href":"https:\/\/rahrbsg.ca\/fr\/wp-json\/wp\/v2\/pages\/5034","targetHints":{"allow":["GET"]}}],"collection":[{"href":"https:\/\/rahrbsg.ca\/fr\/wp-json\/wp\/v2\/pages"}],"about":[{"href":"https:\/\/rahrbsg.ca\/fr\/wp-json\/wp\/v2\/types\/page"}],"author":[{"embeddable":true,"href":"https:\/\/rahrbsg.ca\/fr\/wp-json\/wp\/v2\/users\/4"}],"replies":[{"embeddable":true,"href":"https:\/\/rahrbsg.ca\/fr\/wp-json\/wp\/v2\/comments?post=5034"}],"version-history":[{"count":0,"href":"https:\/\/rahrbsg.ca\/fr\/wp-json\/wp\/v2\/pages\/5034\/revisions"}],"wp:attachment":[{"href":"https:\/\/rahrbsg.ca\/fr\/wp-json\/wp\/v2\/media?parent=5034"}],"curies":[{"name":"wp","href":"https:\/\/api.w.org\/{rel}","templated":true}]}}