{"id":4962,"date":"2022-01-10T14:40:58","date_gmt":"2022-01-10T14:40:58","guid":{"rendered":"https:\/\/bsgcanada.wpengine.com\/brew-techniques\/"},"modified":"2025-07-01T15:37:46","modified_gmt":"2025-07-01T21:37:46","slug":"procedes-et-techniques-de-brassage","status":"publish","type":"page","link":"https:\/\/rahrbsg.ca\/fr\/procedes-et-techniques-de-brassage\/","title":{"rendered":"Proc\u00e9d\u00e9s et techniques de brassage"},"content":{"rendered":"<p><a href=\"https:\/\/rahrbsg.ca\/wp-content\/uploads\/2022\/01\/Brewing-Sustainably_Alcoholic-Beverages-Brewing_Technical-Report_GB.pdf\" target=\"_blank\" rel=\"noopener\">Kerry \u2013 Rapport technique de brassage de mani\u00e8re durable<\/a><\/p>\n<p><a href=\"https:\/\/rahrbsg.ca\/wp-content\/uploads\/2022\/01\/CASK-BEER-FININGS-OPTIMIZATION-PROCEDURE.pdf\" target=\"_blank\" rel=\"noopener\">Proc\u00e9dure d&rsquo;optimisation du collage de la bi\u00e8re en f\u00fbt<\/a><\/p>\n<p><a href=\"https:\/\/rahrbsg.ca\/wp-content\/uploads\/2022\/01\/ClearBeerTechnology.pdf\" target=\"_blank\" rel=\"noopener\">Bi\u00e8re claire par le biais de la technologie de collage<\/a><\/p>\n<p><a href=\"https:\/\/rahrbsg.ca\/wp-content\/uploads\/2022\/01\/KETTLE-FININGS-OPTIMIZATION-PROCEDURE.pdf\" target=\"_blank\" rel=\"noopener\">Instructions pour l&rsquo;optimisation des chaudi\u00e8res<\/a><\/p>\n<p><a href=\"https:\/\/rahrbsg.ca\/wp-content\/uploads\/2022\/01\/PROCESS-BEER-FININGS-OPTIMIZATION-PROCEDURE-updated.pdf\" target=\"_blank\" rel=\"noopener\">Proc\u00e9dure d&rsquo;optimisation du collage de la bi\u00e8re artisanale<\/a><\/p>\n<p><a href=\"https:\/\/rahrbsg.ca\/wp-content\/uploads\/2022\/01\/TheNatureBeerHazes.pdf\" target=\"_blank\" rel=\"noopener\">Nature, formation et pr\u00e9vention de la brume dans la bi\u00e8re<\/a><\/p>\n<p><a href=\"https:\/\/rahrbsg.ca\/wp-content\/uploads\/2022\/01\/WortandBeerFiningManual.pdf\" target=\"_blank\" rel=\"noopener\">Manuel sur la clarification du mo\u00fbt et de la bi\u00e8re<\/a><\/p>\n<p><a href=\"https:\/\/rahrbsg.ca\/wp-content\/uploads\/2022\/01\/Getting-The-Most-Out-Of-Your-Hemocytometer.pdf\" target=\"_blank\" rel=\"noopener\">Tirer le maximum de votre h\u00e9mocytom\u00e8tre<\/a><\/p>\n<p><a href=\"https:\/\/rahrbsg.ca\/wp-content\/uploads\/2022\/01\/FermCap-BSG.pdf\" target=\"_blank\" rel=\"noopener\">Protocole relatif \u00e0 la proc\u00e9dure de FermCap<\/a><\/p>\n<p><a href=\"https:\/\/rahrbsg.ca\/wp-content\/uploads\/2022\/01\/Gluten-Content-Commercial-American-Silica-Stabilized-Beers.pdf\" target=\"_blank\" rel=\"noopener\">Teneur en gluten de certaines bi\u00e8res am\u00e9ricaines commerciales stabilis\u00e9es par de la silice<\/a><\/p>\n<p><a href=\"https:\/\/rahrbsg.ca\/wp-content\/uploads\/2022\/01\/Improvements-in-Hop-Pellet-Quality-for-Small-Breweries.pdf\" target=\"_blank\" rel=\"noopener\">Am\u00e9liorations apport\u00e9es \u00e0 la qualit\u00e9 des granul\u00e9s de houblon pour la petite brasserie<\/a><\/p>\n<p><a href=\"https:\/\/rahrbsg.ca\/wp-content\/uploads\/2022\/01\/KETTLE-FININGS-USAGE-CALCULATIONS.pdf\" target=\"_blank\" rel=\"noopener\">Calculs d&rsquo;utilisation du collage dans la chaudi\u00e8re<\/a><\/p>\n","protected":false},"excerpt":{"rendered":"<p>Kerry \u2013 Rapport technique de brassage de mani\u00e8re durable Proc\u00e9dure d&rsquo;optimisation du collage de la bi\u00e8re en f\u00fbt Bi\u00e8re claire par le biais de la technologie de collage Instructions pour l&rsquo;optimisation des chaudi\u00e8res Proc\u00e9dure d&rsquo;optimisation du collage de la bi\u00e8re artisanale Nature, formation et pr\u00e9vention de la brume dans la bi\u00e8re Manuel sur la clarification [&hellip;]<\/p>\n","protected":false},"author":4,"featured_media":0,"parent":0,"menu_order":0,"comment_status":"closed","ping_status":"closed","template":"","meta":{"_acf_changed":false,"inline_featured_image":false,"footnotes":""},"class_list":["post-4962","page","type-page","status-publish","hentry"],"acf":[],"yoast_head":"<!-- This site is optimized with the Yoast SEO plugin v27.2 - https:\/\/yoast.com\/product\/yoast-seo-wordpress\/ -->\n<title>Proc\u00e9d\u00e9s et techniques de brassage | RahrBSG Canada<\/title>\n<meta name=\"robots\" content=\"index, follow, max-snippet:-1, max-image-preview:large, max-video-preview:-1\" \/>\n<link rel=\"canonical\" href=\"https:\/\/rahrbsg.ca\/fr\/procedes-et-techniques-de-brassage\/\" \/>\n<meta property=\"og:locale\" content=\"fr_CA\" \/>\n<meta property=\"og:type\" content=\"article\" \/>\n<meta property=\"og:title\" content=\"Proc\u00e9d\u00e9s et techniques de brassage | RahrBSG Canada\" \/>\n<meta property=\"og:description\" content=\"Kerry \u2013 Rapport technique de brassage de mani\u00e8re durable Proc\u00e9dure d&rsquo;optimisation du collage de la bi\u00e8re en f\u00fbt Bi\u00e8re claire par le biais de la technologie de collage Instructions pour l&rsquo;optimisation des chaudi\u00e8res Proc\u00e9dure d&rsquo;optimisation du collage de la bi\u00e8re artisanale Nature, formation et pr\u00e9vention de la brume dans la bi\u00e8re Manuel sur la clarification [&hellip;]\" \/>\n<meta property=\"og:url\" content=\"https:\/\/rahrbsg.ca\/fr\/procedes-et-techniques-de-brassage\/\" \/>\n<meta property=\"og:site_name\" content=\"RahrBSG Canada\" \/>\n<meta property=\"article:modified_time\" content=\"2025-07-01T21:37:46+00:00\" \/>\n<meta property=\"og:image\" content=\"https:\/\/rahrbsg.ca\/wp-content\/uploads\/2025\/02\/RahrBSG-social-image-1.jpg\" \/>\n\t<meta property=\"og:image:width\" content=\"1800\" \/>\n\t<meta property=\"og:image:height\" content=\"945\" \/>\n\t<meta property=\"og:image:type\" content=\"image\/jpeg\" \/>\n<meta name=\"twitter:card\" content=\"summary_large_image\" \/>\n<meta name=\"twitter:label1\" content=\"Estimation du temps de lecture\" \/>\n\t<meta name=\"twitter:data1\" content=\"1 minute\" \/>\n<script type=\"application\/ld+json\" class=\"yoast-schema-graph\">{\"@context\":\"https:\/\/schema.org\",\"@graph\":[{\"@type\":\"WebPage\",\"@id\":\"https:\/\/rahrbsg.ca\/fr\/procedes-et-techniques-de-brassage\/\",\"url\":\"https:\/\/rahrbsg.ca\/fr\/procedes-et-techniques-de-brassage\/\",\"name\":\"Proc\u00e9d\u00e9s et techniques de brassage | RahrBSG Canada\",\"isPartOf\":{\"@id\":\"https:\/\/rahrbsg.ca\/#website\"},\"datePublished\":\"2022-01-10T14:40:58+00:00\",\"dateModified\":\"2025-07-01T21:37:46+00:00\",\"breadcrumb\":{\"@id\":\"https:\/\/rahrbsg.ca\/fr\/procedes-et-techniques-de-brassage\/#breadcrumb\"},\"inLanguage\":\"fr-CA\",\"potentialAction\":[{\"@type\":\"ReadAction\",\"target\":[\"https:\/\/rahrbsg.ca\/fr\/procedes-et-techniques-de-brassage\/\"]}]},{\"@type\":\"BreadcrumbList\",\"@id\":\"https:\/\/rahrbsg.ca\/fr\/procedes-et-techniques-de-brassage\/#breadcrumb\",\"itemListElement\":[{\"@type\":\"ListItem\",\"position\":1,\"name\":\"Home\",\"item\":\"https:\/\/rahrbsg.ca\/fr\/\"},{\"@type\":\"ListItem\",\"position\":2,\"name\":\"Proc\u00e9d\u00e9s et techniques de brassage\"}]},{\"@type\":\"WebSite\",\"@id\":\"https:\/\/rahrbsg.ca\/#website\",\"url\":\"https:\/\/rahrbsg.ca\/\",\"name\":\"RahrBSG Canada\",\"description\":\"Canadian Bulk Brewing &amp; Beer Supply Company\",\"potentialAction\":[{\"@type\":\"SearchAction\",\"target\":{\"@type\":\"EntryPoint\",\"urlTemplate\":\"https:\/\/rahrbsg.ca\/?s={search_term_string}\"},\"query-input\":{\"@type\":\"PropertyValueSpecification\",\"valueRequired\":true,\"valueName\":\"search_term_string\"}}],\"inLanguage\":\"fr-CA\"}]}<\/script>\n<!-- \/ Yoast SEO plugin. -->","yoast_head_json":{"title":"Proc\u00e9d\u00e9s et techniques de brassage | RahrBSG Canada","robots":{"index":"index","follow":"follow","max-snippet":"max-snippet:-1","max-image-preview":"max-image-preview:large","max-video-preview":"max-video-preview:-1"},"canonical":"https:\/\/rahrbsg.ca\/fr\/procedes-et-techniques-de-brassage\/","og_locale":"fr_CA","og_type":"article","og_title":"Proc\u00e9d\u00e9s et techniques de brassage | RahrBSG Canada","og_description":"Kerry \u2013 Rapport technique de brassage de mani\u00e8re durable Proc\u00e9dure d&rsquo;optimisation du collage de la bi\u00e8re en f\u00fbt Bi\u00e8re claire par le biais de la technologie de collage Instructions pour l&rsquo;optimisation des chaudi\u00e8res Proc\u00e9dure d&rsquo;optimisation du collage de la bi\u00e8re artisanale Nature, formation et pr\u00e9vention de la brume dans la bi\u00e8re Manuel sur la clarification [&hellip;]","og_url":"https:\/\/rahrbsg.ca\/fr\/procedes-et-techniques-de-brassage\/","og_site_name":"RahrBSG Canada","article_modified_time":"2025-07-01T21:37:46+00:00","og_image":[{"width":1800,"height":945,"url":"https:\/\/rahrbsg.ca\/wp-content\/uploads\/2025\/02\/RahrBSG-social-image-1.jpg","type":"image\/jpeg"}],"twitter_card":"summary_large_image","twitter_misc":{"Estimation du temps de lecture":"1 minute"},"schema":{"@context":"https:\/\/schema.org","@graph":[{"@type":"WebPage","@id":"https:\/\/rahrbsg.ca\/fr\/procedes-et-techniques-de-brassage\/","url":"https:\/\/rahrbsg.ca\/fr\/procedes-et-techniques-de-brassage\/","name":"Proc\u00e9d\u00e9s et techniques de brassage | RahrBSG Canada","isPartOf":{"@id":"https:\/\/rahrbsg.ca\/#website"},"datePublished":"2022-01-10T14:40:58+00:00","dateModified":"2025-07-01T21:37:46+00:00","breadcrumb":{"@id":"https:\/\/rahrbsg.ca\/fr\/procedes-et-techniques-de-brassage\/#breadcrumb"},"inLanguage":"fr-CA","potentialAction":[{"@type":"ReadAction","target":["https:\/\/rahrbsg.ca\/fr\/procedes-et-techniques-de-brassage\/"]}]},{"@type":"BreadcrumbList","@id":"https:\/\/rahrbsg.ca\/fr\/procedes-et-techniques-de-brassage\/#breadcrumb","itemListElement":[{"@type":"ListItem","position":1,"name":"Home","item":"https:\/\/rahrbsg.ca\/fr\/"},{"@type":"ListItem","position":2,"name":"Proc\u00e9d\u00e9s et techniques de brassage"}]},{"@type":"WebSite","@id":"https:\/\/rahrbsg.ca\/#website","url":"https:\/\/rahrbsg.ca\/","name":"RahrBSG Canada","description":"Canadian Bulk Brewing &amp; Beer Supply Company","potentialAction":[{"@type":"SearchAction","target":{"@type":"EntryPoint","urlTemplate":"https:\/\/rahrbsg.ca\/?s={search_term_string}"},"query-input":{"@type":"PropertyValueSpecification","valueRequired":true,"valueName":"search_term_string"}}],"inLanguage":"fr-CA"}]}},"_links":{"self":[{"href":"https:\/\/rahrbsg.ca\/fr\/wp-json\/wp\/v2\/pages\/4962","targetHints":{"allow":["GET"]}}],"collection":[{"href":"https:\/\/rahrbsg.ca\/fr\/wp-json\/wp\/v2\/pages"}],"about":[{"href":"https:\/\/rahrbsg.ca\/fr\/wp-json\/wp\/v2\/types\/page"}],"author":[{"embeddable":true,"href":"https:\/\/rahrbsg.ca\/fr\/wp-json\/wp\/v2\/users\/4"}],"replies":[{"embeddable":true,"href":"https:\/\/rahrbsg.ca\/fr\/wp-json\/wp\/v2\/comments?post=4962"}],"version-history":[{"count":0,"href":"https:\/\/rahrbsg.ca\/fr\/wp-json\/wp\/v2\/pages\/4962\/revisions"}],"wp:attachment":[{"href":"https:\/\/rahrbsg.ca\/fr\/wp-json\/wp\/v2\/media?parent=4962"}],"curies":[{"name":"wp","href":"https:\/\/api.w.org\/{rel}","templated":true}]}}